{"id":11437,"date":"2024-11-27T01:46:53","date_gmt":"2024-11-27T00:46:53","guid":{"rendered":"https:\/\/www.jlrent.cz\/cookies\/"},"modified":"2025-04-04T11:42:07","modified_gmt":"2025-04-04T10:42:07","slug":"cookies","status":"publish","type":"page","link":"https:\/\/www.jlrent.cz\/de\/cookies\/","title":{"rendered":"Cookies"},"content":{"rendered":"\t\t<div data-elementor-type=\"wp-page\" data-elementor-id=\"11437\" class=\"elementor elementor-11437 elementor-10858\" data-elementor-post-type=\"page\">\n\t\t\t\t\t\t<section class=\"elementor-section elementor-top-section elementor-element elementor-element-8fe3226 elementor-section-height-min-height elementor-section-stretched elementor-section-boxed elementor-section-height-default elementor-section-items-middle\" data-id=\"8fe3226\" data-element_type=\"section\" data-e-type=\"section\" data-settings=\"{&quot;background_background&quot;:&quot;classic&quot;,&quot;stretch_section&quot;:&quot;section-stretched&quot;}\">\n\t\t\t\t\t\t\t<div class=\"elementor-background-overlay\"><\/div>\n\t\t\t\t\t\t\t<div class=\"elementor-container elementor-column-gap-wider\">\n\t\t\t\t\t<div class=\"elementor-column elementor-col-100 elementor-top-column elementor-element elementor-element-6be1209\" data-id=\"6be1209\" data-element_type=\"column\" data-e-type=\"column\">\n\t\t\t<div class=\"elementor-widget-wrap elementor-element-populated\">\n\t\t\t\t<div class=\"elementor-element elementor-element-f642c02 e-flex e-con-boxed e-con e-parent\" data-id=\"f642c02\" data-element_type=\"container\" data-e-type=\"container\">\n\t\t\t\t\t<div class=\"e-con-inner\">\n\t\t<div class=\"elementor-element elementor-element-c2d7aab e-con-full e-flex e-con e-child\" data-id=\"c2d7aab\" data-element_type=\"container\" data-e-type=\"container\">\n\t\t\t\t<div class=\"elementor-element elementor-element-f24f898 elementor-widget elementor-widget-heading\" data-id=\"f24f898\" data-element_type=\"widget\" data-e-type=\"widget\" data-widget_type=\"heading.default\">\n\t\t\t\t<div class=\"elementor-widget-container\">\n\t\t\t\t\t<h1 class=\"elementor-heading-title elementor-size-default\">Cookie-Richtlinie<\/h1>\t\t\t\t<\/div>\n\t\t\t\t<\/div>\n\t\t\t\t<\/div>\n\t\t\t\t\t<\/div>\n\t\t\t\t<\/div>\n\t\t\t\t\t<\/div>\n\t\t<\/div>\n\t\t\t\t\t<\/div>\n\t\t<\/section>\n\t\t<div class=\"elementor-element elementor-element-20c3ca55 e-flex e-con-boxed e-con e-parent\" data-id=\"20c3ca55\" data-element_type=\"container\" data-e-type=\"container\">\n\t\t\t\t\t<div class=\"e-con-inner\">\n\t\t\t\t<div class=\"elementor-element elementor-element-a262b1f elementor-widget elementor-widget-heading\" data-id=\"a262b1f\" data-element_type=\"widget\" data-e-type=\"widget\" data-widget_type=\"heading.default\">\n\t\t\t\t<div class=\"elementor-widget-container\">\n\t\t\t\t\t<h2 class=\"elementor-heading-title elementor-size-default\">Website https:\/\/www.jlrent.cz\/<\/h2>\t\t\t\t<\/div>\n\t\t\t\t<\/div>\n\t\t\t\t<div class=\"elementor-element elementor-element-6978e7a7 elementor-widget elementor-widget-text-editor\" data-id=\"6978e7a7\" data-element_type=\"widget\" data-e-type=\"widget\" data-widget_type=\"text-editor.default\">\n\t\t\t\t<div class=\"elementor-widget-container\">\n\t\t\t\t\t\t\t\t\t<p>Startseite<\/p>\n<p>Diese Website verwendet Cookies, um das ordnungsgem\u00e4\u00dfe Funktionieren der Website zu gew\u00e4hrleisten und den Datenverkehr \u00fcber Google Analytics zu analysieren. Dieses Dokument informiert Sie dar\u00fcber, welche Cookies wir verwenden, warum wir sie verwenden und wie Sie deren Speicherung verwalten k\u00f6nnen. <\/p>\n<p>Was sind Cookies?<\/p>\n<p>Cookies sind kleine Textdateien, die auf Ihrem Ger\u00e4t (Computer, Tablet, Telefon) gespeichert werden, wenn Sie eine Website besuchen. Sie erm\u00f6glichen es Websites, sich Ihre Aktivit\u00e4ten und Pr\u00e4ferenzen (wie Ihre Anmeldedaten, Sprache oder andere Einstellungen) f\u00fcr einen bestimmten Zeitraum zu merken. <\/p>\n<p>Welche Cookies verwenden wir?<\/p>\n<p>1. notwendige Cookies<br>Diese Cookies sind f\u00fcr das ordnungsgem\u00e4\u00dfe Funktionieren der Website unerl\u00e4sslich. Ohne sie w\u00fcrden einige Teile der Website nicht richtig funktionieren.<br>2. Analytics-Cookies (Google Analytics)<br>Wir verwenden Google Analytics-Cookies, um den Datenverkehr zu analysieren und die Benutzerfreundlichkeit zu verbessern. Diese Cookies helfen uns zu verstehen, wie Besucher unsere Website nutzen.  <br>&#8211; Erfasste Daten: anonyme Informationen \u00fcber Besuche (Anzahl der Besucher, durchschnittliche Verweildauer auf der Website, Quellen des Datenverkehrs, usw.).<br>&#8211; Datenschutz: Die Daten sind anonymisiert und werden nicht zur Identifizierung einzelner Benutzer verwendet.<\/p>\n<p>Wie kann ich Cookies verwalten?<\/p>\n<p>Sie haben das Recht zu entscheiden, ob Sie Cookies zulassen oder ablehnen m\u00f6chten. Sie k\u00f6nnen diese Einstellung jederzeit in Ihrem Browser \u00e4ndern. Nachstehend finden Sie Links zu Anleitungen f\u00fcr die g\u00e4ngigsten Browser:  <\/p><p><br>&#8211; Google Chrome<br>&#8211; Mozilla Firefox<br>&#8211; Microsoft Edge<br>&#8211; Safari<\/p>\n<p>Zustimmung zu Cookies<\/p>\n<p>Wenn Sie unsere Website zum ersten Mal besuchen, bitten wir Sie in einem Pop-up-Fenster um Ihre Zustimmung zur Verwendung von Cookies. Sie k\u00f6nnen diese Zustimmung jederzeit widerrufen, indem Sie Ihre Cookie-Einstellungen \u00e4ndern oder die Cookies in Ihrem Browser l\u00f6schen. <\/p>\n<p>Kontakt<\/p>\n<p>Wenn Sie Fragen zu unserer Cookie-Richtlinie haben, kontaktieren Sie uns bitte unter:<br>&#8211; E-Mail: info@jlrent.cz<br>&#8211; Telefon: +420 773 582 143<\/p>\t\t\t\t\t\t\t\t<\/div>\n\t\t\t\t<\/div>\n\t\t\t\t\t<\/div>\n\t\t\t\t<\/div>\n\t\t\t\t<\/div>\n\t\t","protected":false},"excerpt":{"rendered":"<p>Cookie-Richtlinie Website https:\/\/www.jlrent.cz\/ Startseite Diese Website verwendet Cookies, um das ordnungsgem\u00e4\u00dfe Funktionieren der Website zu gew\u00e4hrleisten und den Datenverkehr \u00fcber Google Analytics zu analysieren. Dieses Dokument<span class=\"excerpt-hellip\"> [\u2026]<\/span><\/p>\n","protected":false},"author":1,"featured_media":0,"parent":0,"menu_order":0,"comment_status":"open","ping_status":"closed","template":"","meta":{"footnotes":""},"class_list":["post-11437","page","type-page","status-publish","hentry"],"_links":{"self":[{"href":"https:\/\/www.jlrent.cz\/de\/wp-json\/wp\/v2\/pages\/11437","targetHints":{"allow":["GET"]}}],"collection":[{"href":"https:\/\/www.jlrent.cz\/de\/wp-json\/wp\/v2\/pages"}],"about":[{"href":"https:\/\/www.jlrent.cz\/de\/wp-json\/wp\/v2\/types\/page"}],"author":[{"embeddable":true,"href":"https:\/\/www.jlrent.cz\/de\/wp-json\/wp\/v2\/users\/1"}],"replies":[{"embeddable":true,"href":"https:\/\/www.jlrent.cz\/de\/wp-json\/wp\/v2\/comments?post=11437"}],"version-history":[{"count":0,"href":"https:\/\/www.jlrent.cz\/de\/wp-json\/wp\/v2\/pages\/11437\/revisions"}],"wp:attachment":[{"href":"https:\/\/www.jlrent.cz\/de\/wp-json\/wp\/v2\/media?parent=11437"}],"curies":[{"name":"wp","href":"https:\/\/api.w.org\/{rel}","templated":true}]}}