{"id":9445,"date":"2024-09-12T23:46:43","date_gmt":"2024-09-12T22:46:43","guid":{"rendered":"https:\/\/www.jlrent.cz\/individuelles-fahrzeug\/"},"modified":"2024-11-04T18:57:32","modified_gmt":"2024-11-04T17:57:32","slug":"individuelles-fahrzeug","status":"publish","type":"page","link":"https:\/\/www.jlrent.cz\/de\/individuelles-fahrzeug\/","title":{"rendered":"Individuelles Fahrzeug"},"content":{"rendered":"\t\t<div data-elementor-type=\"wp-page\" data-elementor-id=\"9445\" class=\"elementor elementor-9445 elementor-7472\" data-elementor-post-type=\"page\">\n\t\t\t\t\t\t<section class=\"elementor-section elementor-top-section elementor-element elementor-element-802308e elementor-section-height-min-height elementor-section-stretched elementor-section-boxed elementor-section-height-default elementor-section-items-middle\" data-id=\"802308e\" data-element_type=\"section\" data-e-type=\"section\" data-settings=\"{&quot;background_background&quot;:&quot;classic&quot;,&quot;stretch_section&quot;:&quot;section-stretched&quot;}\">\n\t\t\t\t\t\t\t<div class=\"elementor-background-overlay\"><\/div>\n\t\t\t\t\t\t\t<div class=\"elementor-container elementor-column-gap-wider\">\n\t\t\t\t\t<div class=\"elementor-column elementor-col-100 elementor-top-column elementor-element elementor-element-e369b4c\" data-id=\"e369b4c\" data-element_type=\"column\" data-e-type=\"column\">\n\t\t\t<div class=\"elementor-widget-wrap elementor-element-populated\">\n\t\t\t\t<div class=\"elementor-element elementor-element-9dfa67f e-flex e-con-boxed e-con e-parent\" data-id=\"9dfa67f\" data-element_type=\"container\" data-e-type=\"container\">\n\t\t\t\t\t<div class=\"e-con-inner\">\n\t\t<div class=\"elementor-element elementor-element-b288919 e-con-full e-flex e-con e-child\" data-id=\"b288919\" data-element_type=\"container\" data-e-type=\"container\">\n\t\t\t\t<div class=\"elementor-element elementor-element-1a59d86 elementor-widget elementor-widget-heading\" data-id=\"1a59d86\" data-element_type=\"widget\" data-e-type=\"widget\" data-widget_type=\"heading.default\">\n\t\t\t\t<div class=\"elementor-widget-container\">\n\t\t\t\t\t<h1 class=\"elementor-heading-title elementor-size-default\">Individuelles Fahrzeug<\/h1>\t\t\t\t<\/div>\n\t\t\t\t<\/div>\n\t\t\t\t<\/div>\n\t\t\t\t\t<\/div>\n\t\t\t\t<\/div>\n\t\t\t\t\t<\/div>\n\t\t<\/div>\n\t\t\t\t\t<\/div>\n\t\t<\/section>\n\t\t<div class=\"elementor-element elementor-element-29f9a49d e-flex e-con-boxed e-con e-parent\" data-id=\"29f9a49d\" data-element_type=\"container\" data-e-type=\"container\">\n\t\t\t\t\t<div class=\"e-con-inner\">\n\t\t\t\t<div class=\"elementor-element elementor-element-26b3233b elementor-widget elementor-widget-text-editor\" data-id=\"26b3233b\" data-element_type=\"widget\" data-e-type=\"widget\" data-widget_type=\"text-editor.default\">\n\t\t\t\t<div class=\"elementor-widget-container\">\n\t\t\t\t\t\t\t\t\t\n<div class=\"wp-block-columns\">\n    <div class=\"wp-block-column rentsyst-catalog-item-wrap\" style=\"flex-basis:75%\">\n        <p><\/p>\n        \n\n        \n        <p class=\"has-large-font-size rentsyst-info-box\"><strong><\/strong><\/p>\n        \n\n        \n        <div class=\"wp-block-columns rentsyst-info-box\">\n            <div class=\"wp-block-column\">\n                <p>Kategorie:  <strong><\/strong><\/p>\n                \n\n                \n                <p>\u00dcbertragung:  <strong><\/strong><\/p>\n                \n\n                \n                <p>Passagiere:  <strong><\/strong><\/p>\n                \n\n                \n                <p>Reisegep\u00e4ck:  <strong><\/strong><\/p>\n                \n\n                \n                <p>K\u00f6rpertyp:  <strong><\/strong><\/p>\n                <\/div>\n            \n\n            \n            <div class=\"wp-block-column\">\n                <p>Jahr:  <strong><\/strong><\/p>\n                \n\n                \n                <p>Kraftstoff:  <strong><\/strong><\/p>\n                \n\n                \n                <p>Nr.\nder T\u00fcren:   <strong><\/strong><\/p>\n                \n\n                \n                <p>Farbe:  <strong><\/strong><\/p>\n                \n\n                \n                <p>Kilometerz\u00e4hler:  <strong><\/strong><\/p>\n                <\/div>\n            <\/div>\n        \n\n        \n        <div class=\"wp-block-group rentsyst-info-box\"><div class=\"wp-block-group__inner-container\">\n                <p>Optionen:  <strong><\/strong><\/p>\n                <\/div><\/div>\n        <\/div>\n    \n\n    \n    <div class=\"wp-block-column rentsyst-paragraph\" style=\"flex-basis:25%\">\n        <p style=\"font-size:30px\" class=\"has-text-align-right\"><strong>TARIFS<\/strong><\/p>\n        \n\n        \n        <div class=\"wp-block-group rentsyst-price-per-day\"><div class=\"wp-block-group__inner-container\">\n                <p class=\"has-text-color has-text-align-right has-small-font-size has-cyan-bluish-gray-color\">Preis f\u00fcr 1 Tag<\/p>\n                \n\n                \n                <p style=\"font-size:23px\" class=\"has-text-align-right\"><strong> K\u010d<\/strong><\/p>\n                <\/div><\/div>\n        \n\n        \n        <p><\/p>\n        \n\n        \n        <div class=\"wp-block-button alignright is-style-fill rentsyst-booking\"><a class=\"wp-block-button__link\" style=\"border-radius:4px\">SELECT<\/a><\/div>\n        \n\n        \n        <p><\/p>\n        <\/div>\n    <\/div>\n\n\n\n<div class=\"wp-block-columns\">\n    <div class=\"wp-block-column rentsyst-catalog-item-wrap\" style=\"flex-basis:75%\">\n        <p style=\"font-size:27px\" class=\"rentsyst-info-box\"><strong>BESCHREIBUNG<\/strong><\/p>\n        \n\n        \n        <div class=\"wp-block-group rentsyst-info-box\"><div class=\"wp-block-group__inner-container\">\n                <p><\/p>\n                <\/div><\/div>\n        <\/div>\n    \n\n    \n    <div class=\"wp-block-column\" style=\"flex-basis:25%\"><\/div>\n    <\/div>\n\n\n\n<p><\/p>\n\t\t\t\t\t\t\t\t<\/div>\n\t\t\t\t<\/div>\n\t\t\t\t\t<\/div>\n\t\t\t\t<\/div>\n\t\t\t\t<\/div>\n\t\t","protected":false},"excerpt":{"rendered":"<p>Individuelles Fahrzeug Kategorie: \u00dcbertragung: Passagiere: Reisegep\u00e4ck: K\u00f6rpertyp: Jahr: Kraftstoff: Nr. der T\u00fcren: Farbe: Kilometerz\u00e4hler: Optionen: TARIFS Preis f\u00fcr 1 Tag SELECT BESCHREIBUNG<\/p>\n","protected":false},"author":1,"featured_media":0,"parent":0,"menu_order":0,"comment_status":"closed","ping_status":"closed","template":"","meta":{"footnotes":""},"class_list":["post-9445","page","type-page","status-publish","hentry"],"_links":{"self":[{"href":"https:\/\/www.jlrent.cz\/de\/wp-json\/wp\/v2\/pages\/9445","targetHints":{"allow":["GET"]}}],"collection":[{"href":"https:\/\/www.jlrent.cz\/de\/wp-json\/wp\/v2\/pages"}],"about":[{"href":"https:\/\/www.jlrent.cz\/de\/wp-json\/wp\/v2\/types\/page"}],"author":[{"embeddable":true,"href":"https:\/\/www.jlrent.cz\/de\/wp-json\/wp\/v2\/users\/1"}],"replies":[{"embeddable":true,"href":"https:\/\/www.jlrent.cz\/de\/wp-json\/wp\/v2\/comments?post=9445"}],"version-history":[{"count":0,"href":"https:\/\/www.jlrent.cz\/de\/wp-json\/wp\/v2\/pages\/9445\/revisions"}],"wp:attachment":[{"href":"https:\/\/www.jlrent.cz\/de\/wp-json\/wp\/v2\/media?parent=9445"}],"curies":[{"name":"wp","href":"https:\/\/api.w.org\/{rel}","templated":true}]}}