{"id":9552,"date":"2023-02-20T09:58:43","date_gmt":"2023-02-20T08:58:43","guid":{"rendered":"https:\/\/www.jlrent.cz\/mietbestimmungen\/"},"modified":"2024-11-04T19:11:49","modified_gmt":"2024-11-04T18:11:49","slug":"mietbestimmungen","status":"publish","type":"page","link":"https:\/\/www.jlrent.cz\/de\/mietbestimmungen\/","title":{"rendered":"Mietbestimmungen"},"content":{"rendered":"\t\t<div data-elementor-type=\"wp-page\" data-elementor-id=\"9552\" class=\"elementor elementor-9552 elementor-38\" data-elementor-post-type=\"page\">\n\t\t\t\t\t\t<section class=\"elementor-section elementor-top-section elementor-element elementor-element-8fe3226 elementor-section-height-min-height elementor-section-stretched elementor-section-boxed elementor-section-height-default elementor-section-items-middle\" data-id=\"8fe3226\" data-element_type=\"section\" data-e-type=\"section\" data-settings=\"{&quot;background_background&quot;:&quot;classic&quot;,&quot;stretch_section&quot;:&quot;section-stretched&quot;}\">\n\t\t\t\t\t\t\t<div class=\"elementor-background-overlay\"><\/div>\n\t\t\t\t\t\t\t<div class=\"elementor-container elementor-column-gap-wider\">\n\t\t\t\t\t<div class=\"elementor-column elementor-col-100 elementor-top-column elementor-element elementor-element-6be1209\" data-id=\"6be1209\" data-element_type=\"column\" data-e-type=\"column\">\n\t\t\t<div class=\"elementor-widget-wrap elementor-element-populated\">\n\t\t\t\t<div class=\"elementor-element elementor-element-f642c02 e-flex e-con-boxed e-con e-parent\" data-id=\"f642c02\" data-element_type=\"container\" data-e-type=\"container\">\n\t\t\t\t\t<div class=\"e-con-inner\">\n\t\t<div class=\"elementor-element elementor-element-c2d7aab e-con-full e-flex e-con e-child\" data-id=\"c2d7aab\" data-element_type=\"container\" data-e-type=\"container\">\n\t\t\t\t<div class=\"elementor-element elementor-element-f24f898 elementor-widget elementor-widget-heading\" data-id=\"f24f898\" data-element_type=\"widget\" data-e-type=\"widget\" data-widget_type=\"heading.default\">\n\t\t\t\t<div class=\"elementor-widget-container\">\n\t\t\t\t\t<h1 class=\"elementor-heading-title elementor-size-default\">Mietbestimmungen<\/h1>\t\t\t\t<\/div>\n\t\t\t\t<\/div>\n\t\t\t\t<\/div>\n\t\t\t\t\t<\/div>\n\t\t\t\t<\/div>\n\t\t\t\t\t<\/div>\n\t\t<\/div>\n\t\t\t\t\t<\/div>\n\t\t<\/section>\n\t\t<div class=\"elementor-element elementor-element-20c3ca55 e-flex e-con-boxed e-con e-parent\" data-id=\"20c3ca55\" data-element_type=\"container\" data-e-type=\"container\">\n\t\t\t\t\t<div class=\"e-con-inner\">\n\t\t\t\t<div class=\"elementor-element elementor-element-a262b1f elementor-widget elementor-widget-heading\" data-id=\"a262b1f\" data-element_type=\"widget\" data-e-type=\"widget\" data-widget_type=\"heading.default\">\n\t\t\t\t<div class=\"elementor-widget-container\">\n\t\t\t\t\t<h2 class=\"elementor-heading-title elementor-size-default\">Vertrag \u00fcber die Anmietung eines Kraftfahrzeugs<\/h2>\t\t\t\t<\/div>\n\t\t\t\t<\/div>\n\t\t\t\t<div class=\"elementor-element elementor-element-6978e7a7 elementor-widget elementor-widget-text-editor\" data-id=\"6978e7a7\" data-element_type=\"widget\" data-e-type=\"widget\" data-widget_type=\"text-editor.default\">\n\t\t\t\t<div class=\"elementor-widget-container\">\n\t\t\t\t\t\t\t\t\t<p>Mietbestimmungen<\/p>\n<p><br>Vertragsnummer: (im Folgenden als &#8220;Vertrag&#8221; bezeichnet)<\/p>\n<p>(1) Der Entleiher best\u00e4tigt mit seiner Unterschrift im Vertrag, dass er das in diesem Vertrag genannte Fahrzeug vom Verleiher zur Nutzung \u00fcbernommen hat, und zwar in ordnungsgem\u00e4\u00dfem Zustand, ausgestattet mit dem normalen, vom Hersteller f\u00fcr das Fahrzeug gelieferten Zubeh\u00f6r, der vorgeschriebenen Ausr\u00fcstung und einem vollen Kraftstofftank (im Folgenden &#8220;das Fahrzeug&#8221; genannt), und dass er sich mit der Betriebstechnik des Fahrzeugs vertraut gemacht hat.\nDer Darlehensnehmer erkennt auch seine Verpflichtung an, das Fahrzeug mit einem vollen Tank an den Darlehensgeber zur\u00fcckzugeben. <\/p>\n<p>2. Der Entleiher ist verpflichtet, sich zu vergewissern, dass keine \u00fcberm\u00e4\u00dfige Abnutzung oder Zerst\u00f6rung der Funktionsteile des Fahrzeugs vorliegt, sowie den Zustand und die Temperatur des K\u00fchlmittels, den Zustand des \u00d6ls, der Reifen und anderer Teile des Fahrzeugs, die w\u00e4hrend des Betriebs des Fahrzeugs routinem\u00e4\u00dfig \u00fcberpr\u00fcft werden, zu kontrollieren.<\/p>\n<p>3. Bei Nichteinhaltung der vorgeschriebenen Wartung, insbesondere, aber nicht ausschlie\u00dflich, Punkt 2.\ndieser Mietbedingungen, hat der Entleiher, wenn dies zu Sch\u00e4den am Fahrzeug f\u00fchrt, dem Verleiher den entstandenen Schaden zu ersetzen.\nIm Falle einer Besch\u00e4digung oder \u00fcberm\u00e4\u00dfigen Verschmutzung des Fahrzeuginnenraums ist der Verleiher berechtigt, vom Entleiher den vollen Ersatz der Kosten f\u00fcr die Reparatur, Sonderreinigung oder Desinfektion des Fahrzeugs zu verlangen.  <\/p>\n<p>4. Der Entleiher darf das Fahrzeug nicht an einen Dritten zur Nutzung \u00fcberlassen, es sei denn, dies ist ausdr\u00fccklich im Vertrag vermerkt, er darf damit nicht an Wettbewerben oder Trainings teilnehmen und keine ungerechtfertigten Eingriffe in die Fahrzeugaggregate vornehmen.\nF\u00fcr Verst\u00f6\u00dfe gegen diese Klausel 4.\nDer Entleiher haftet gegen\u00fcber dem Verleiher in vollem Umfang, einschlie\u00dflich der Verpflichtung zum vollst\u00e4ndigen Ersatz des Schadens, der sich aus einem Versto\u00df gegen diese Bestimmung ergibt.  <\/p>\n<p>5. Der Entleiher ist verpflichtet, das Fahrzeug in demselben Zustand an den Verleiher zur\u00fcckzugeben, in dem er es vom Verleiher erhalten hat, und dem Verleiher den vereinbarten Betrag f\u00fcr die Ausleihe des Fahrzeugs innerhalb der vom Verleiher gesetzten Frist zu zahlen.\nDer Leihnehmer verpflichtet sich, das Fahrzeug an einem vom Leihgeber festgelegten Ort zur\u00fcckzugeben.\nWird das Fahrzeug au\u00dferhalb des so bestimmten Ortes zur\u00fcckgegeben (siehe vorheriger Satz dieses Artikels 5), verpflichtet sich der Entleiher, dem Verleiher die Kosten f\u00fcr den R\u00fccktransport des Fahrzeugs zu dem vom Verleiher bestimmten Ort zu erstatten.\nEbenso muss der Entleiher, wenn er das Fahrzeug an einem anderen vorher festgelegten Ort abliefern lassen m\u00f6chte, die Kosten f\u00fcr die Ablieferung des Fahrzeugs an einem anderen als dem vom Verleiher festgelegten Ort \u00fcbernehmen.   <br><br><\/p>\n<p>6. Der Entleiher ist verpflichtet, im Falle eines Verkehrsunfalls, bei dem Sch\u00e4den am Fahrzeug entstehen, oder.\nim Falle eines Unfalls oder eines Personenschadens f\u00fcr die Anwesenheit der Verkehrspolizei zu sorgen und bis zum Eintreffen eines zust\u00e4ndigen Mitarbeiters des Verleihers vor Ort zu bleiben. <br><br><\/p>\n<p>7. Im Falle eines Unfalls oder Diebstahls des Fahrzeugs meldet der Entleiher dies unverz\u00fcglich der n\u00e4chstgelegenen Verkehrspolizei, im Falle einer Panne des Fahrzeugs meldet der Entleiher dies an tel.\nDer Entleiher meldet den Vorfall dem Verleiher unter +420 773 582 143, wo er sich mit dem Verleiher \u00fcber das weitere Vorgehen abstimmt. <br><br><\/p>\n<p>8. Das Risiko f\u00fcr Sch\u00e4den am Fahrzeug geht mit der \u00dcbernahme des Fahrzeugs vom Verleiher auf den Entleiher \u00fcber.\nDer Entleiher verpflichtet sich, das Fahrzeug ordnungsgem\u00e4\u00df nach den Anweisungen des Herstellers zu benutzen und es so zu sichern, dass keine Sch\u00e4den daran entstehen.\nIm Falle eines Schadens am Fahrzeug ist der Entleiher verpflichtet, dem Verleiher den Schaden zu erstatten, auch wenn der Schaden von Dritten ohne Verschulden des Entleihers verursacht wurde (jeder Schaden am Fahrzeug, der nicht durch die Pannenversicherung gedeckt ist).  <br><br><\/p>\n<p>9. Das Fahrzeug ist gegen Unfall, Diebstahl, Naturkatastrophen und Vandalismus versichert.\nWenn der Schaden nicht durch den Kreditnehmer verursacht wurde, betr\u00e4gt die Selbstbeteiligung des Kreditnehmers 0,- CZK, d.h. 0% Selbstbeteiligung, da der Kunde die Zusatzversicherung bezahlt hat. <br><br><\/p>\n<p>10. Der Entleiher ist verpflichtet, nur den vom Hersteller vorgeschriebenen Kraftstoff in den Tank zu pumpen.\nDas Fahrzeug darf nicht zum Zwecke des Startens ausgefahren werden.\nDas Fahrzeug darf nur von Abschleppdienstfahrzeugen abgeschleppt werden.\nBei Nichteinhaltung dieser Bestimmung von Art.\n10, haftet der Mieter in vollem Umfang f\u00fcr alle verursachten Sch\u00e4den, einschlie\u00dflich Schadensersatz.    <br><br><\/p>\n<p>11. Der Darlehensnehmer ist verpflichtet, die Kosten f\u00fcr den Ersatz des Schlosses oder der Alarmanlage im Falle des Verlustes der Schl\u00fcssel oder der Alarmsteuerger\u00e4te zu tragen.\nBei Verlust des Fahrzeugdokuments (Fahrzeugschein Teil I. und\/oder II., gr\u00fcne Karte) hat der Kreditnehmer dem Kreditgeber eine Verwaltungsgeb\u00fchr von 500,- CZK zu zahlen. <br><br><\/p>\n<p>(12) Der Kreditgeber ist gesetzlich verpflichtet, den Ausweis und den F\u00fchrerschein des Kreditnehmers zu \u00fcberpr\u00fcfen.\nEr muss die im Vertrag gefundenen Informationen eintragen. <br><br><\/p>\n<p>13. Nutzt der Entleiher das Fahrzeug nach dem Datum, an dem das Fahrzeug an den Entleiher h\u00e4tte zur\u00fcckgegeben werden m\u00fcssen, so wird dies als unbefugte Nutzung fremden Eigentums betrachtet und eine Strafanzeige bei der Polizei der Tschechischen Republik erstattet.\nDer Verleiher ist berechtigt, dem Entleiher den Betrag f\u00fcr die Ausleihe des Fahrzeugs auch f\u00fcr die Tage in Rechnung zu stellen, an denen das Fahrzeug unrechtm\u00e4\u00dfig genutzt wurde, und zwar gem\u00e4\u00df dem im Vertrag vereinbarten Tagessatz oder gem\u00e4\u00df der Preisliste f\u00fcr die Ausleihe des Fahrzeugs, die dem Entleiher vom Verleiher vor Unterzeichnung des Vertrags mitgeteilt wurde. <br><br><\/p>\n<p>14. bei einer Langzeitmiete des Fahrzeugs ist der Entleiher verpflichtet, regelm\u00e4\u00dfig einen kostenlosen \u00d6l- und Filterwechsel vorzunehmen, und zwar immer nach 15.000 km, sp\u00e4testens jedoch nach der Meldung durch den Bordcomputer des Fahrzeugs.<br><br><\/p>\n<p>15.\nDer Kreditnehmer ist verpflichtet, alle mit der Feststellung dieser Tatsache, dem Auffinden des Fahrzeugs, der Reparatur des Fahrzeugs usw. verbundenen Kosten zu tragen. <br><br><\/p>\n<p>16 Der Entleiher ist verpflichtet, die Pflichten des Fahrers und die Regeln des Stra\u00dfenverkehrs zu beachten, die im Gesetz Nr. 361\/2000 Slg. \u00fcber den Stra\u00dfenverkehr in seiner ge\u00e4nderten Fassung festgelegt sind. F\u00fcr den Fall, dass der Entleiher durch sein eigenes Verhalten oder das Verhalten einer Person, der er das Fahrzeug zur Nutzung \u00fcberlassen hat, gegen eine der Bestimmungen dieses Gesetzes verst\u00f6\u00dft, verpflichtet sich der Entleiher, die von der zust\u00e4ndigen Beh\u00f6rde aufgrund des genannten Verhaltens verh\u00e4ngte Strafe in voller H\u00f6he zu zahlen. Wird eine Sanktion wegen einer Ordnungswidrigkeit nach \u00a7 125f(1) der Stra\u00dfenverkehrsordnung verh\u00e4ngt, d.h. dass der Betreiber des Fahrzeugs nicht daf\u00fcr gesorgt hat, dass die Pflichten des Fahrers und die Regeln des Stra\u00dfenverkehrs bei der Benutzung des Fahrzeugs im Stra\u00dfenverkehr beachtet werden, verpflichtet sich der Entleiher, die Sanktion in voller H\u00f6he zu zahlen, wenn der Versto\u00df w\u00e4hrend der Dauer des vertraglichen Rechtsverh\u00e4ltnisses begangen wurde.<br><br><\/p>\n<p>Der Entleiher haftet in vollem Umfang f\u00fcr alle Vergehen und sonstigen Ordnungswidrigkeiten sowie Straftaten, die mit dem Fahrzeug oder unter seiner Mitwirkung w\u00e4hrend der Vertragslaufzeit begangen werden, auch wenn sie von einem Dritten begangen werden, dem der Entleiher das Fahrzeug unter Versto\u00df gegen Ziffer 4 zur Nutzung \u00fcberlassen hat.\nder vorliegenden Mietbedingungen.\nVers\u00e4umt es der Entleiher, eine Strafe im Sinne dieser Mietbedingungen zu zahlen, und ist der Fahrzeugbetreiber verpflichtet, diese Strafe im Namen des Entleihers zu zahlen, kann die gezahlte Strafe vom Entleiher zur\u00fcckgefordert werden.  <br><br><\/p>\n<p>18. mit der Unterzeichnung des Vertrages und im Hinblick auf die vorangegangenen Bestimmungen dieser Mietbedingungen erkl\u00e4rt J\u00e4hnke Rent a car s.r.o., dass ihr der Schutz der personenbezogenen Daten nat\u00fcrlicher Personen gem\u00e4\u00df der Verordnung (EU) Nr. 2016\/679 des Europ\u00e4ischen Parlaments und des Rates vom 27.\nApril 2016, Allgemeine Verordnung \u00fcber den Schutz personenbezogener Daten und den freien Datenverkehr (im Folgenden &#8220;Verordnung&#8221; genannt), einschlie\u00dflich, soweit anwendbar, der verabschiedeten nationalen Gesetzgebung der Tschechischen Republik im Bereich des Schutzes personenbezogener Daten nat\u00fcrlicher Personen.\nBei der Verarbeitung der personenbezogenen Daten nat\u00fcrlicher Personen aus dem abgeschlossenen Vertrag geht das Unternehmen im Einklang mit der Verordnung und den k\u00fcnftig erlassenen Rechtsvorschriften der Tschechischen Republik vor, wenn der Zweck der Verarbeitung die Erbringung der vereinbarten Dienstleistungen, Kontrollen im Zusammenhang mit der Erbringung von Dienstleistungen, die F\u00fchrung von Aufzeichnungen und Statistiken sowie die Aus\u00fcbung der sich aus den Rechtsvorschriften ergebenden gegenseitigen Rechte und Pflichten ist, und zwar nur in dem Umfang, der f\u00fcr diese Zwecke unbedingt erforderlich ist.\nMit der Unterzeichnung des Vertrags, einschlie\u00dflich der entsprechenden Anh\u00e4nge, best\u00e4tigt der Darlehensnehmer, dass er \u00fcber seine Rechte gem\u00e4\u00df der Verordnung informiert wurde und dass er \u00fcber die Art und Weise, wie er diese aus\u00fcben kann, informiert wurde.   <\/p>\n<p>Ver\u00f6ffentlicht in Prag am 1.\n10.\n2018  <\/p>\t\t\t\t\t\t\t\t<\/div>\n\t\t\t\t<\/div>\n\t\t\t\t\t<\/div>\n\t\t\t\t<\/div>\n\t\t\t\t<\/div>\n\t\t","protected":false},"excerpt":{"rendered":"<p>Mietbestimmungen Vertrag \u00fcber die Anmietung eines Kraftfahrzeugs Mietbestimmungen Vertragsnummer: (im Folgenden als &#8220;Vertrag&#8221; bezeichnet) (1) Der Entleiher best\u00e4tigt mit seiner Unterschrift im Vertrag, dass er das<span class=\"excerpt-hellip\"> [\u2026]<\/span><\/p>\n","protected":false},"author":1,"featured_media":0,"parent":0,"menu_order":0,"comment_status":"open","ping_status":"closed","template":"","meta":{"footnotes":""},"class_list":["post-9552","page","type-page","status-publish","hentry"],"_links":{"self":[{"href":"https:\/\/www.jlrent.cz\/de\/wp-json\/wp\/v2\/pages\/9552","targetHints":{"allow":["GET"]}}],"collection":[{"href":"https:\/\/www.jlrent.cz\/de\/wp-json\/wp\/v2\/pages"}],"about":[{"href":"https:\/\/www.jlrent.cz\/de\/wp-json\/wp\/v2\/types\/page"}],"author":[{"embeddable":true,"href":"https:\/\/www.jlrent.cz\/de\/wp-json\/wp\/v2\/users\/1"}],"replies":[{"embeddable":true,"href":"https:\/\/www.jlrent.cz\/de\/wp-json\/wp\/v2\/comments?post=9552"}],"version-history":[{"count":0,"href":"https:\/\/www.jlrent.cz\/de\/wp-json\/wp\/v2\/pages\/9552\/revisions"}],"wp:attachment":[{"href":"https:\/\/www.jlrent.cz\/de\/wp-json\/wp\/v2\/media?parent=9552"}],"curies":[{"name":"wp","href":"https:\/\/api.w.org\/{rel}","templated":true}]}}